{"id":120,"date":"2019-11-18T17:09:05","date_gmt":"2019-11-18T17:09:05","guid":{"rendered":"http:\/\/lecomptoirdelapieceauto.fr\/?page_id=120"},"modified":"2025-06-28T16:47:32","modified_gmt":"2025-06-28T16:47:32","slug":"cpa-saint-pierre-les-nemours-77140","status":"publish","type":"page","link":"https:\/\/lecomptoirdelapieceauto.fr\/?page_id=120","title":{"rendered":"CONTACT CPA"},"content":{"rendered":"<div class=\"wpb-content-wrapper\"><div id='ts-background-main-2504778' class='ts-background-parallax ts-background ts-columns-equalize-disabled ts-composium-row-background ' data-column-equalize=\"false\" data-width-current=\"\" data-width-break=\"600\" style=\"\" data-completed='false' data-fadespeed='1000' data-offsetsallow=\"true\" data-svgshape='true' data-random='2504778' data-image-width='2500' data-image-height='1667' data-type='parallax' data-inline='false' data-disabled='false' data-height='0' data-screen='false' data-offset='0' data-blur='0' data-index='0' data-marginleft='0' data-marginright='0' data-paddingtop='5' data-paddingbottom='30' data-image='https:\/\/lecomptoirdelapieceauto.fr\/wp-content\/uploads\/2019\/11\/cpa_contact.jpg' data-size='cover' data-position='center' data-alignment='center' data-repeat='no-repeat' data-direction='up' data-momentum='1' data-mobile-enabled='false' data-break-parents='99'><div id='ts-background-parallax-holder-2504778' class='ts-background-parallax-holder'><\/div><div id=\"ts-background-separator-bottom-2504778\" class=\"ts-background-separator-container\" style=\"height: 100px; top: auto; bottom: 0px; z-index: 1;\"><div class=\"ts-background-separator-wrap ts-background-separator-bottom\" data-random=\"2504778\" data-height=\"100\" data-position=\"bottom\" style=\"height: 100px;\"><svg xmlns=\"http:\/\/www.w3.org\/2000\/svg\" version=\"1.1\" class=\" \" width=\"100%\" height=\"100\" fill=\"#ffffff\" viewBox=\"0 0 100 10\" preserveAspectRatio=\"none\" style=\"height: 100px; width: 100%;\"><path fill=\"#ffffff\" d=\"M0,0h100v9.1\"><\/path><\/svg><\/div><\/div><\/div><div class=\"vc_row wpb_row vc_row-fluid vc_custom_1751129251097\"><div class=\"wpb_column vc_column_container vc_col-sm-12\"><div class=\"vc_column-inner\"><div class=\"wpb_wrapper\"><div class=\"vc_empty_space\"   style=\"height: 200px\"><span class=\"vc_empty_space_inner\"><\/span><\/div><\/div><\/div><\/div><\/div><div class=\"vc_row wpb_row vc_row-fluid\"><div class=\"wpb_column vc_column_container vc_col-sm-12\"><div class=\"vc_column-inner\"><div class=\"wpb_wrapper\">\n\t<div class=\"wpb_text_column wpb_content_element\" >\n\t\t<div class=\"wpb_wrapper\">\n\t\t\t<p style=\"text-align: center;\">Vous recherchez une ou des pi\u00e8ces auto sur Nemours 77140 ou ses environs ?<\/p>\n<p style=\"text-align: center;\">Venez nous consulter afin trouver la pi\u00e8ce d\u00e9tach\u00e9es pour automobile pour l&rsquo;entretien ou la r\u00e9paration de votre voiture.<\/p>\n\n\t\t<\/div>\n\t<\/div>\n<\/div><\/div><\/div><\/div><div class=\"vc_row wpb_row vc_row-fluid\"><div class=\"wpb_column vc_column_container vc_col-sm-3\"><div class=\"vc_column-inner\"><div class=\"wpb_wrapper\">\n\t<div class=\"wpb_text_column wpb_content_element\" >\n\t\t<div class=\"wpb_wrapper\">\n\t\t\t<div id=\"primary\" class=\"content-area\">\n<div id=\"content\" class=\"site-content\" role=\"main\">\n<article id=\"post-11\" class=\"post-11 page type-page status-publish hentry\">\n<div class=\"entry-content\">\n<h4><img decoding=\"async\" class=\"wp-image-130 alignnone\" src=\"http:\/\/lecomptoirdelapieceauto.fr\/wp-content\/uploads\/2019\/11\/CPA_logo_F_blanc-300x184.png\" alt=\"\" width=\"161\" height=\"102\" \/><\/h4>\n<h4>Le Comptoir de la Pi\u00e8ce Auto<\/h4>\n<p><strong>01 60 51 17 40<\/strong><br \/>\n58 rue des Pr\u00e8s<br \/>\n<a href=\"http:\/\/lecomptoirdelapieceauto.fr\/pieces-auto-nemours-77140\/\">77140 Saint Pierre Les Nemours<\/a><\/p>\n<p><a href=\"mailto:cpa.nemours@orange.fr\">cpa.nemours@orange.fr<\/a><\/p>\n<\/div>\n<\/article>\n<\/div>\n<\/div>\n\n\t\t<\/div>\n\t<\/div>\n\n\t<div  class=\"wpb_single_image wpb_content_element vc_align_left wpb_content_element\">\n\t\t\n\t\t<figure class=\"wpb_wrapper vc_figure\">\n\t\t\t<div class=\"vc_single_image-wrapper   vc_box_border_grey\"><img fetchpriority=\"high\" decoding=\"async\" width=\"1440\" height=\"960\" src=\"https:\/\/lecomptoirdelapieceauto.fr\/wp-content\/uploads\/2019\/11\/magasin_pieces_auto.jpg\" class=\"vc_single_image-img attachment-full\" alt=\"Nemours pi\u00e8ces auto pas cher nemours\" title=\"magasin_pieces_auto\" srcset=\"https:\/\/lecomptoirdelapieceauto.fr\/wp-content\/uploads\/2019\/11\/magasin_pieces_auto.jpg 1440w, https:\/\/lecomptoirdelapieceauto.fr\/wp-content\/uploads\/2019\/11\/magasin_pieces_auto-300x200.jpg 300w, https:\/\/lecomptoirdelapieceauto.fr\/wp-content\/uploads\/2019\/11\/magasin_pieces_auto-1024x683.jpg 1024w, https:\/\/lecomptoirdelapieceauto.fr\/wp-content\/uploads\/2019\/11\/magasin_pieces_auto-768x512.jpg 768w\" sizes=\"(max-width: 1440px) 100vw, 1440px\" \/><\/div>\n\t\t<\/figure>\n\t<\/div>\n<\/div><\/div><\/div><div class=\"wpb_column vc_column_container vc_col-sm-9\"><div class=\"vc_column-inner\"><div class=\"wpb_wrapper\"><div class=\"wpb_gmaps_widget wpb_content_element\"><div class=\"wpb_wrapper\"><div class=\"wpb_map_wraper\"><iframe src=\"https:\/\/www.google.com\/maps\/d\/embed?mid=14RGdvXdsysoVwX2kdTof-SxU2cWJvdit\" width=\"640\" height=\"480\"><\/iframe><\/div><\/div><\/div><\/div><\/div><\/div><\/div>\n<\/div>","protected":false},"excerpt":{"rendered":"Vous recherchez une ou des pi\u00e8ces auto sur Nemours 77140 ou ses environs ? Venez nous consulter afin trouver la pi\u00e8ce d\u00e9tach\u00e9es pour automobile pour l'entretien ou la r\u00e9paration de votre voiture. Le Comptoir de la Pi\u00e8ce Auto 01 60 51 17 40 58 rue des Pr\u00e8s 77140 Saint Pierre Les Nemours cpa.nemours@orange.fr","protected":false},"author":1,"featured_media":0,"parent":0,"menu_order":4,"comment_status":"closed","ping_status":"closed","template":"","meta":{"_exactmetrics_skip_tracking":false,"_exactmetrics_sitenote_active":false,"_exactmetrics_sitenote_note":"","_exactmetrics_sitenote_category":0,"_kad_post_transparent":"default","_kad_post_title":"default","_kad_post_layout":"default","_kad_post_sidebar_id":"","_kad_post_content_style":"default","_kad_post_vertical_padding":"default","_kad_post_feature":"","_kad_post_feature_position":"","_kad_post_header":false,"_kad_post_footer":false,"footnotes":""},"class_list":["post-120","page","type-page","status-publish","hentry"],"yoast_head":"<!-- This site is optimized with the Yoast SEO plugin v25.3.1 - https:\/\/yoast.com\/wordpress\/plugins\/seo\/ -->\n<title>Pi\u00e8ces auto \u00e0 nemours 77 140 avec CPA<\/title>\n<meta name=\"description\" content=\"Trouver toutes les pi\u00e8ces auto pour l&#039;entretien ou la r\u00e9paration de votre voiture pour les villes de Nemours et ses environs\" \/>\n<meta name=\"robots\" content=\"index, follow, max-snippet:-1, max-image-preview:large, max-video-preview:-1\" \/>\n<link rel=\"canonical\" href=\"https:\/\/lecomptoirdelapieceauto.fr\/?page_id=120\" \/>\n<meta property=\"og:locale\" content=\"fr_FR\" \/>\n<meta property=\"og:type\" content=\"article\" \/>\n<meta property=\"og:title\" content=\"Pi\u00e8ces auto \u00e0 nemours 77 140 avec CPA\" \/>\n<meta property=\"og:description\" content=\"Trouver toutes les pi\u00e8ces auto pour l&#039;entretien ou la r\u00e9paration de votre voiture pour les villes de Nemours et ses environs\" \/>\n<meta property=\"og:url\" content=\"https:\/\/lecomptoirdelapieceauto.fr\/?page_id=120\" \/>\n<meta property=\"og:site_name\" content=\"CPA Pi\u00e8ces d\u00e9tach\u00e9es auto toutes marques Nemours\" \/>\n<meta property=\"article:modified_time\" content=\"2025-06-28T16:47:32+00:00\" \/>\n<meta property=\"og:image\" content=\"http:\/\/lecomptoirdelapieceauto.fr\/wp-content\/uploads\/2019\/11\/CPA_logo_F_blanc-300x184.png\" \/>\n<meta name=\"twitter:card\" content=\"summary_large_image\" \/>\n<meta name=\"twitter:label1\" content=\"Dur\u00e9e de lecture estim\u00e9e\" \/>\n\t<meta name=\"twitter:data1\" content=\"1 minute\" \/>\n<script type=\"application\/ld+json\" class=\"yoast-schema-graph\">{\"@context\":\"https:\/\/schema.org\",\"@graph\":[{\"@type\":\"WebPage\",\"@id\":\"https:\/\/lecomptoirdelapieceauto.fr\/?page_id=120\",\"url\":\"https:\/\/lecomptoirdelapieceauto.fr\/?page_id=120\",\"name\":\"Pi\u00e8ces auto \u00e0 nemours 77 140 avec CPA\",\"isPartOf\":{\"@id\":\"https:\/\/lecomptoirdelapieceauto.fr\/#website\"},\"primaryImageOfPage\":{\"@id\":\"https:\/\/lecomptoirdelapieceauto.fr\/?page_id=120#primaryimage\"},\"image\":{\"@id\":\"https:\/\/lecomptoirdelapieceauto.fr\/?page_id=120#primaryimage\"},\"thumbnailUrl\":\"http:\/\/lecomptoirdelapieceauto.fr\/wp-content\/uploads\/2019\/11\/CPA_logo_F_blanc-300x184.png\",\"datePublished\":\"2019-11-18T17:09:05+00:00\",\"dateModified\":\"2025-06-28T16:47:32+00:00\",\"description\":\"Trouver toutes les pi\u00e8ces auto pour l'entretien ou la r\u00e9paration de votre voiture pour les villes de Nemours et ses environs\",\"breadcrumb\":{\"@id\":\"https:\/\/lecomptoirdelapieceauto.fr\/?page_id=120#breadcrumb\"},\"inLanguage\":\"fr-FR\",\"potentialAction\":[{\"@type\":\"ReadAction\",\"target\":[\"https:\/\/lecomptoirdelapieceauto.fr\/?page_id=120\"]}]},{\"@type\":\"ImageObject\",\"inLanguage\":\"fr-FR\",\"@id\":\"https:\/\/lecomptoirdelapieceauto.fr\/?page_id=120#primaryimage\",\"url\":\"https:\/\/lecomptoirdelapieceauto.fr\/wp-content\/uploads\/2019\/11\/CPA_logo_F_blanc.png\",\"contentUrl\":\"https:\/\/lecomptoirdelapieceauto.fr\/wp-content\/uploads\/2019\/11\/CPA_logo_F_blanc.png\",\"width\":392,\"height\":240},{\"@type\":\"BreadcrumbList\",\"@id\":\"https:\/\/lecomptoirdelapieceauto.fr\/?page_id=120#breadcrumb\",\"itemListElement\":[{\"@type\":\"ListItem\",\"position\":1,\"name\":\"Accueil\",\"item\":\"https:\/\/lecomptoirdelapieceauto.fr\/\"},{\"@type\":\"ListItem\",\"position\":2,\"name\":\"CONTACT CPA\"}]},{\"@type\":\"WebSite\",\"@id\":\"https:\/\/lecomptoirdelapieceauto.fr\/#website\",\"url\":\"https:\/\/lecomptoirdelapieceauto.fr\/\",\"name\":\"CPA Pi\u00e8ces d\u00e9tach\u00e9es auto toutes marques Nemours\",\"description\":\"CPA Pi\u00e8ces d\u00e9tach\u00e9es auto toutes marques Nemours\",\"publisher\":{\"@id\":\"https:\/\/lecomptoirdelapieceauto.fr\/#organization\"},\"potentialAction\":[{\"@type\":\"SearchAction\",\"target\":{\"@type\":\"EntryPoint\",\"urlTemplate\":\"https:\/\/lecomptoirdelapieceauto.fr\/?s={search_term_string}\"},\"query-input\":{\"@type\":\"PropertyValueSpecification\",\"valueRequired\":true,\"valueName\":\"search_term_string\"}}],\"inLanguage\":\"fr-FR\"},{\"@type\":\"Organization\",\"@id\":\"https:\/\/lecomptoirdelapieceauto.fr\/#organization\",\"name\":\"CPA Pi\u00e8ces d\u00e9tach\u00e9es auto toutes marques Nemours\",\"url\":\"https:\/\/lecomptoirdelapieceauto.fr\/\",\"logo\":{\"@type\":\"ImageObject\",\"inLanguage\":\"fr-FR\",\"@id\":\"https:\/\/lecomptoirdelapieceauto.fr\/#\/schema\/logo\/image\/\",\"url\":\"https:\/\/lecomptoirdelapieceauto.fr\/wp-content\/uploads\/2019\/11\/cropped-cropped-logo-final-trans.png\",\"contentUrl\":\"https:\/\/lecomptoirdelapieceauto.fr\/wp-content\/uploads\/2019\/11\/cropped-cropped-logo-final-trans.png\",\"width\":800,\"height\":320,\"caption\":\"CPA Pi\u00e8ces d\u00e9tach\u00e9es auto toutes marques Nemours\"},\"image\":{\"@id\":\"https:\/\/lecomptoirdelapieceauto.fr\/#\/schema\/logo\/image\/\"}}]}<\/script>\n<!-- \/ Yoast SEO plugin. -->","yoast_head_json":{"title":"Pi\u00e8ces auto \u00e0 nemours 77 140 avec CPA","description":"Trouver toutes les pi\u00e8ces auto pour l'entretien ou la r\u00e9paration de votre voiture pour les villes de Nemours et ses environs","robots":{"index":"index","follow":"follow","max-snippet":"max-snippet:-1","max-image-preview":"max-image-preview:large","max-video-preview":"max-video-preview:-1"},"canonical":"https:\/\/lecomptoirdelapieceauto.fr\/?page_id=120","og_locale":"fr_FR","og_type":"article","og_title":"Pi\u00e8ces auto \u00e0 nemours 77 140 avec CPA","og_description":"Trouver toutes les pi\u00e8ces auto pour l'entretien ou la r\u00e9paration de votre voiture pour les villes de Nemours et ses environs","og_url":"https:\/\/lecomptoirdelapieceauto.fr\/?page_id=120","og_site_name":"CPA Pi\u00e8ces d\u00e9tach\u00e9es auto toutes marques Nemours","article_modified_time":"2025-06-28T16:47:32+00:00","og_image":[{"url":"http:\/\/lecomptoirdelapieceauto.fr\/wp-content\/uploads\/2019\/11\/CPA_logo_F_blanc-300x184.png","type":"","width":"","height":""}],"twitter_card":"summary_large_image","twitter_misc":{"Dur\u00e9e de lecture estim\u00e9e":"1 minute"},"schema":{"@context":"https:\/\/schema.org","@graph":[{"@type":"WebPage","@id":"https:\/\/lecomptoirdelapieceauto.fr\/?page_id=120","url":"https:\/\/lecomptoirdelapieceauto.fr\/?page_id=120","name":"Pi\u00e8ces auto \u00e0 nemours 77 140 avec CPA","isPartOf":{"@id":"https:\/\/lecomptoirdelapieceauto.fr\/#website"},"primaryImageOfPage":{"@id":"https:\/\/lecomptoirdelapieceauto.fr\/?page_id=120#primaryimage"},"image":{"@id":"https:\/\/lecomptoirdelapieceauto.fr\/?page_id=120#primaryimage"},"thumbnailUrl":"http:\/\/lecomptoirdelapieceauto.fr\/wp-content\/uploads\/2019\/11\/CPA_logo_F_blanc-300x184.png","datePublished":"2019-11-18T17:09:05+00:00","dateModified":"2025-06-28T16:47:32+00:00","description":"Trouver toutes les pi\u00e8ces auto pour l'entretien ou la r\u00e9paration de votre voiture pour les villes de Nemours et ses environs","breadcrumb":{"@id":"https:\/\/lecomptoirdelapieceauto.fr\/?page_id=120#breadcrumb"},"inLanguage":"fr-FR","potentialAction":[{"@type":"ReadAction","target":["https:\/\/lecomptoirdelapieceauto.fr\/?page_id=120"]}]},{"@type":"ImageObject","inLanguage":"fr-FR","@id":"https:\/\/lecomptoirdelapieceauto.fr\/?page_id=120#primaryimage","url":"https:\/\/lecomptoirdelapieceauto.fr\/wp-content\/uploads\/2019\/11\/CPA_logo_F_blanc.png","contentUrl":"https:\/\/lecomptoirdelapieceauto.fr\/wp-content\/uploads\/2019\/11\/CPA_logo_F_blanc.png","width":392,"height":240},{"@type":"BreadcrumbList","@id":"https:\/\/lecomptoirdelapieceauto.fr\/?page_id=120#breadcrumb","itemListElement":[{"@type":"ListItem","position":1,"name":"Accueil","item":"https:\/\/lecomptoirdelapieceauto.fr\/"},{"@type":"ListItem","position":2,"name":"CONTACT CPA"}]},{"@type":"WebSite","@id":"https:\/\/lecomptoirdelapieceauto.fr\/#website","url":"https:\/\/lecomptoirdelapieceauto.fr\/","name":"CPA Pi\u00e8ces d\u00e9tach\u00e9es auto toutes marques Nemours","description":"CPA Pi\u00e8ces d\u00e9tach\u00e9es auto toutes marques Nemours","publisher":{"@id":"https:\/\/lecomptoirdelapieceauto.fr\/#organization"},"potentialAction":[{"@type":"SearchAction","target":{"@type":"EntryPoint","urlTemplate":"https:\/\/lecomptoirdelapieceauto.fr\/?s={search_term_string}"},"query-input":{"@type":"PropertyValueSpecification","valueRequired":true,"valueName":"search_term_string"}}],"inLanguage":"fr-FR"},{"@type":"Organization","@id":"https:\/\/lecomptoirdelapieceauto.fr\/#organization","name":"CPA Pi\u00e8ces d\u00e9tach\u00e9es auto toutes marques Nemours","url":"https:\/\/lecomptoirdelapieceauto.fr\/","logo":{"@type":"ImageObject","inLanguage":"fr-FR","@id":"https:\/\/lecomptoirdelapieceauto.fr\/#\/schema\/logo\/image\/","url":"https:\/\/lecomptoirdelapieceauto.fr\/wp-content\/uploads\/2019\/11\/cropped-cropped-logo-final-trans.png","contentUrl":"https:\/\/lecomptoirdelapieceauto.fr\/wp-content\/uploads\/2019\/11\/cropped-cropped-logo-final-trans.png","width":800,"height":320,"caption":"CPA Pi\u00e8ces d\u00e9tach\u00e9es auto toutes marques Nemours"},"image":{"@id":"https:\/\/lecomptoirdelapieceauto.fr\/#\/schema\/logo\/image\/"}}]}},"_links":{"self":[{"href":"https:\/\/lecomptoirdelapieceauto.fr\/index.php?rest_route=\/wp\/v2\/pages\/120","targetHints":{"allow":["GET"]}}],"collection":[{"href":"https:\/\/lecomptoirdelapieceauto.fr\/index.php?rest_route=\/wp\/v2\/pages"}],"about":[{"href":"https:\/\/lecomptoirdelapieceauto.fr\/index.php?rest_route=\/wp\/v2\/types\/page"}],"author":[{"embeddable":true,"href":"https:\/\/lecomptoirdelapieceauto.fr\/index.php?rest_route=\/wp\/v2\/users\/1"}],"replies":[{"embeddable":true,"href":"https:\/\/lecomptoirdelapieceauto.fr\/index.php?rest_route=%2Fwp%2Fv2%2Fcomments&post=120"}],"version-history":[{"count":18,"href":"https:\/\/lecomptoirdelapieceauto.fr\/index.php?rest_route=\/wp\/v2\/pages\/120\/revisions"}],"predecessor-version":[{"id":385,"href":"https:\/\/lecomptoirdelapieceauto.fr\/index.php?rest_route=\/wp\/v2\/pages\/120\/revisions\/385"}],"wp:attachment":[{"href":"https:\/\/lecomptoirdelapieceauto.fr\/index.php?rest_route=%2Fwp%2Fv2%2Fmedia&parent=120"}],"curies":[{"name":"wp","href":"https:\/\/api.w.org\/{rel}","templated":true}]}}